{"id":546,"date":"2015-11-05T06:03:59","date_gmt":"2015-11-05T06:03:59","guid":{"rendered":"https:\/\/motors.stylemixthemes.com\/demo\/?page_id=546"},"modified":"2023-08-19T12:03:17","modified_gmt":"2023-08-19T12:03:17","slug":"service","status":"publish","type":"page","link":"https:\/\/garage-sommer.ch\/index.php\/service\/","title":{"rendered":"Wolfishop"},"content":{"rendered":"<section class=\"wpb-content-wrapper\"><p>[vc_row css=&#8221;.vc_custom_1446724724284{margin-top: 33px !important;margin-bottom: 42px !important;}&#8221;][vc_column width=&#8221;2\/3&#8243; css=&#8221;.vc_custom_1446724718390{margin-bottom: 42px !important;}&#8221;][vc_column_text css=&#8221;.vc_custom_1691058017902{margin-bottom: 24px !important;}&#8221;]<\/p>\n<h2>Wolfishop<\/h2>\n<p>[\/vc_column_text][vc_column_text css=&#8221;.vc_custom_1691210381332{margin-bottom: 31px !important;padding-left: 2px !important;}&#8221;]Wenn Sie Ihr Auto bei uns volltanken oder in unserer Waschanlage waschen, k\u00f6nnen Sie im Wolfishop bezahlen und dabei gleichzeitig einen kleinen Snack, eine Zeitung oder einen Lottoschein kaufen. Wir freuen uns \u00fcber Ihren Besuch.[\/vc_column_text][vc_custom_heading text=&#8221;Tankstelle und Waschanlage&#8221; font_container=&#8221;tag:h4|text_align:left&#8221; use_theme_fonts=&#8221;yes&#8221; css=&#8221;.vc_custom_1691058088744{margin-bottom: 20px !important;}&#8221;][vc_column_text css=&#8221;.vc_custom_1691210604848{padding-left: 2px !important;}&#8221;]Unsere Waschalage folgt den \u00d6ffnunszeiten des Wolfishops. M\u00f6chten Sie Ihr Auto auch ausserhalb dieser \u00d6ffnunszeiten waschen, k\u00f6nnen Sie daf\u00fcr eine spezielle Karte im Wolfishop erwerben. Wir beraten Sie gerne, falls Sie zus\u00e4tzliche Fragen haben.[\/vc_column_text][\/vc_column][vc_column width=&#8221;1\/3&#8243; css=&#8221;.vc_custom_1446703675847{margin-top: 13px !important;}&#8221;][vc_single_image image=&#8221;1877&#8243; img_size=&#8221;350&#215;250&#8243; onclick=&#8221;zoom&#8221; stm_fancybox=&#8221;yes&#8221; css=&#8221;.vc_custom_1692446579018{margin-bottom: 25px !important;}&#8221;][vc_single_image image=&#8221;1731&#8243; img_size=&#8221;350&#215;205&#8243; onclick=&#8221;zoom&#8221; stm_fancybox=&#8221;yes&#8221;][\/vc_column][\/vc_row]<\/p>\n<\/section>","protected":false},"excerpt":{"rendered":"<p>[vc_row css=&#8221;.vc_custom_1446724724284{margin-top: 33px !important;margin-bottom: 42px !important;}&#8221;][vc_column width=&#8221;2\/3&#8243; css=&#8221;.vc_custom_1446724718390{margin-bottom: 42px !important;}&#8221;][vc_column_text css=&#8221;.vc_custom_1691058017902{margin-bottom: 24px !important;}&#8221;] Wolfishop [\/vc_column_text][vc_column_text css=&#8221;.vc_custom_1691210381332{margin-bottom: 31px !important;padding-left: 2px !important;}&#8221;]Wenn Sie Ihr Auto bei uns volltanken oder in unserer Waschanlage waschen, k\u00f6nnen Sie im Wolfishop bezahlen und dabei gleichzeitig einen kleinen Snack, eine Zeitung oder einen Lottoschein kaufen. Wir freuen uns \u00fcber Ihren Besuch.[\/vc_column_text][vc_custom_heading text=&#8221;Tankstelle&#8230;<\/p>\n","protected":false},"author":1,"featured_media":0,"parent":0,"menu_order":0,"comment_status":"closed","ping_status":"closed","template":"","meta":{"footnotes":""},"class_list":["post-546","page","type-page","status-publish","hentry"],"_links":{"self":[{"href":"https:\/\/garage-sommer.ch\/index.php\/wp-json\/wp\/v2\/pages\/546","targetHints":{"allow":["GET"]}}],"collection":[{"href":"https:\/\/garage-sommer.ch\/index.php\/wp-json\/wp\/v2\/pages"}],"about":[{"href":"https:\/\/garage-sommer.ch\/index.php\/wp-json\/wp\/v2\/types\/page"}],"author":[{"embeddable":true,"href":"https:\/\/garage-sommer.ch\/index.php\/wp-json\/wp\/v2\/users\/1"}],"replies":[{"embeddable":true,"href":"https:\/\/garage-sommer.ch\/index.php\/wp-json\/wp\/v2\/comments?post=546"}],"version-history":[{"count":9,"href":"https:\/\/garage-sommer.ch\/index.php\/wp-json\/wp\/v2\/pages\/546\/revisions"}],"predecessor-version":[{"id":1879,"href":"https:\/\/garage-sommer.ch\/index.php\/wp-json\/wp\/v2\/pages\/546\/revisions\/1879"}],"wp:attachment":[{"href":"https:\/\/garage-sommer.ch\/index.php\/wp-json\/wp\/v2\/media?parent=546"}],"curies":[{"name":"wp","href":"https:\/\/api.w.org\/{rel}","templated":true}]}}